{"id":2789,"date":"2022-08-09T13:30:08","date_gmt":"2022-08-09T13:30:08","guid":{"rendered":"https:\/\/ocuri-investment.com\/desarrollo-tecnologico\/"},"modified":"2022-10-10T10:20:45","modified_gmt":"2022-10-10T10:20:45","slug":"desarrollo-tecnologico","status":"publish","type":"page","link":"https:\/\/ocuri-investment.com\/es\/desarrollo-tecnologico\/","title":{"rendered":"DESARROLLO TECNOL\u00d3GICO"},"content":{"rendered":"\t\t<div data-elementor-type=\"wp-page\" data-elementor-id=\"2789\" class=\"elementor elementor-2789 elementor-46\" data-elementor-post-type=\"page\">\n\t\t\t\t\t\t<section class=\"elementor-section elementor-top-section elementor-element elementor-element-a5b933e elementor-section-height-min-height animated-slow elementor-section-boxed elementor-section-height-default elementor-section-items-middle elementor-invisible\" data-id=\"a5b933e\" data-element_type=\"section\" data-settings=\"{&quot;jet_parallax_layout_list&quot;:[],&quot;background_background&quot;:&quot;video&quot;,&quot;animation&quot;:&quot;fadeIn&quot;,&quot;background_video_link&quot;:&quot;https:\\\/\\\/ocuri-investment.com\\\/wp-content\\\/uploads\\\/2022\\\/09\\\/tecnologia.mp4&quot;}\">\n\t\t\t\t\t\t\t\t<div class=\"elementor-background-video-container elementor-hidden-mobile\">\n\t\t\t\t\t\t\t\t\t\t\t\t\t<video class=\"elementor-background-video-hosted elementor-html5-video\" autoplay muted playsinline loop><\/video>\n\t\t\t\t\t\t\t\t\t\t\t<\/div>\n\t\t\t\t\t\t\t\t\t<div class=\"elementor-background-overlay\"><\/div>\n\t\t\t\t\t\t\t<div class=\"elementor-container elementor-column-gap-no\">\n\t\t\t\t\t<div class=\"elementor-column elementor-col-100 elementor-top-column elementor-element elementor-element-0c4d63f animated-slow elementor-invisible\" data-id=\"0c4d63f\" data-element_type=\"column\" data-settings=\"{&quot;animation&quot;:&quot;slideInUp&quot;,&quot;animation_delay&quot;:900}\">\n\t\t\t<div class=\"elementor-widget-wrap elementor-element-populated\">\n\t\t\t\t\t\t<div class=\"elementor-element elementor-element-c0d3732 elementor-widget elementor-widget-heading\" data-id=\"c0d3732\" data-element_type=\"widget\" data-widget_type=\"heading.default\">\n\t\t\t\t<div class=\"elementor-widget-container\">\n\t\t\t<h2 class=\"elementor-heading-title elementor-size-default\">DESARROLLO\nTECNOL\u00d3GICO<\/h2>\t\t<\/div>\n\t\t\t\t<\/div>\n\t\t\t\t\t<\/div>\n\t\t<\/div>\n\t\t\t\t\t<\/div>\n\t\t<\/section>\n\t\t\t\t<section class=\"elementor-section elementor-top-section elementor-element elementor-element-245a9f1 animated-slow elementor-section-boxed elementor-section-height-default elementor-section-height-default elementor-invisible\" data-id=\"245a9f1\" data-element_type=\"section\" data-settings=\"{&quot;jet_parallax_layout_list&quot;:[],&quot;animation&quot;:&quot;slideInUp&quot;}\">\n\t\t\t\t\t\t<div class=\"elementor-container elementor-column-gap-default\">\n\t\t\t\t\t<div class=\"elementor-column elementor-col-100 elementor-top-column elementor-element elementor-element-7547a08 elementor-invisible\" data-id=\"7547a08\" data-element_type=\"column\" data-settings=\"{&quot;motion_fx_motion_fx_scrolling&quot;:&quot;yes&quot;,&quot;motion_fx_translateY_effect&quot;:&quot;yes&quot;,&quot;animation&quot;:&quot;slideInUp&quot;,&quot;motion_fx_translateY_speed&quot;:{&quot;unit&quot;:&quot;px&quot;,&quot;size&quot;:4,&quot;sizes&quot;:[]},&quot;motion_fx_translateY_affectedRange&quot;:{&quot;unit&quot;:&quot;%&quot;,&quot;size&quot;:&quot;&quot;,&quot;sizes&quot;:{&quot;start&quot;:0,&quot;end&quot;:100}},&quot;motion_fx_devices&quot;:[&quot;desktop&quot;,&quot;tablet&quot;,&quot;mobile&quot;]}\">\n\t\t\t<div class=\"elementor-widget-wrap elementor-element-populated\">\n\t\t\t\t\t\t<div class=\"elementor-element elementor-element-18e265a elementor-widget elementor-widget-image\" data-id=\"18e265a\" data-element_type=\"widget\" data-widget_type=\"image.default\">\n\t\t\t\t<div class=\"elementor-widget-container\">\n\t\t\t\t\t\t\t\t\t\t\t\t\t<img fetchpriority=\"high\" decoding=\"async\" width=\"800\" height=\"190\" src=\"https:\/\/ocuri-investment.com\/wp-content\/uploads\/2022\/10\/logo-oficial-sophisticatus.png\" class=\"attachment-large size-large wp-image-2427\" alt=\"\" srcset=\"https:\/\/ocuri-investment.com\/wp-content\/uploads\/2022\/10\/logo-oficial-sophisticatus.png 900w, https:\/\/ocuri-investment.com\/wp-content\/uploads\/2022\/10\/logo-oficial-sophisticatus-300x71.png 300w, https:\/\/ocuri-investment.com\/wp-content\/uploads\/2022\/10\/logo-oficial-sophisticatus-768x183.png 768w\" sizes=\"(max-width: 800px) 100vw, 800px\" \/>\t\t\t\t\t\t\t\t\t\t\t\t\t<\/div>\n\t\t\t\t<\/div>\n\t\t\t\t<div class=\"elementor-element elementor-element-0ffc862 elementor-widget elementor-widget-text-editor\" data-id=\"0ffc862\" data-element_type=\"widget\" data-widget_type=\"text-editor.default\">\n\t\t\t\t<div class=\"elementor-widget-container\">\n\t\t\t\t\t\t\t<p>Somos una empresa emergente de ingenier\u00eda, dominada por una filosof\u00eda empresarial centrada en la innovaci\u00f3n y el dinamismo. Estamos formados por un equipo inicial de socios fundadores, as\u00ed como por varias empresas colaboradoras que nos ayudan en la investigaci\u00f3n y el desarrollo.<\/p>\n\t\t\t\t\t\t<\/div>\n\t\t\t\t<\/div>\n\t\t\t\t<div class=\"elementor-element elementor-element-b32de0d elementor-align-center elementor-widget elementor-widget-button\" data-id=\"b32de0d\" data-element_type=\"widget\" data-widget_type=\"button.default\">\n\t\t\t\t<div class=\"elementor-widget-container\">\n\t\t\t\t\t\t\t<div class=\"elementor-button-wrapper\">\n\t\t\t\t\t<a class=\"elementor-button elementor-button-link elementor-size-sm\" href=\"https:\/\/sophisticatus.com\/\" target=\"_blank\">\n\t\t\t\t\t\t<span class=\"elementor-button-content-wrapper\">\n\t\t\t\t\t\t\t\t\t<span class=\"elementor-button-text\">VER SOPHISTICATUS<\/span>\n\t\t\t\t\t<\/span>\n\t\t\t\t\t<\/a>\n\t\t\t\t<\/div>\n\t\t\t\t\t\t<\/div>\n\t\t\t\t<\/div>\n\t\t\t\t\t<\/div>\n\t\t<\/div>\n\t\t\t\t\t<\/div>\n\t\t<\/section>\n\t\t\t\t<section class=\"elementor-section elementor-top-section elementor-element elementor-element-96d9856 elementor-section-boxed elementor-section-height-default elementor-section-height-default\" data-id=\"96d9856\" data-element_type=\"section\" data-settings=\"{&quot;jet_parallax_layout_list&quot;:[]}\">\n\t\t\t\t\t\t<div class=\"elementor-container elementor-column-gap-no\">\n\t\t\t\t\t<div class=\"elementor-column elementor-col-50 elementor-top-column elementor-element elementor-element-7c6645c animated-slow elementor-invisible\" data-id=\"7c6645c\" data-element_type=\"column\" data-settings=\"{&quot;animation&quot;:&quot;slideInUp&quot;,&quot;animation_delay&quot;:1000}\">\n\t\t\t<div class=\"elementor-widget-wrap elementor-element-populated\">\n\t\t\t\t\t\t<div class=\"elementor-element elementor-element-e02a30a elementor-widget elementor-widget-heading\" data-id=\"e02a30a\" data-element_type=\"widget\" data-widget_type=\"heading.default\">\n\t\t\t\t<div class=\"elementor-widget-container\">\n\t\t\t<h2 class=\"elementor-heading-title elementor-size-default\">Nuestro prop\u00f3sito<\/h2>\t\t<\/div>\n\t\t\t\t<\/div>\n\t\t\t\t<div class=\"elementor-element elementor-element-8a3753a elementor-widget elementor-widget-text-editor\" data-id=\"8a3753a\" data-element_type=\"widget\" data-widget_type=\"text-editor.default\">\n\t\t\t\t<div class=\"elementor-widget-container\">\n\t\t\t\t\t\t\t<p>Sophisticatus se cre\u00f3 con el prop\u00f3sito de combinar los mejores aspectos de la tecnolog\u00eda y el lujo. Nos permite crear productos altamente integrados, refinados y sofisticados que abrir\u00e1n un nuevo mundo de posibilidades en el sector, con nosotros a la cabeza.<\/p>\n\t\t\t\t\t\t<\/div>\n\t\t\t\t<\/div>\n\t\t\t\t\t<\/div>\n\t\t<\/div>\n\t\t\t\t<div class=\"elementor-column elementor-col-50 elementor-top-column elementor-element elementor-element-4e57986\" data-id=\"4e57986\" data-element_type=\"column\">\n\t\t\t<div class=\"elementor-widget-wrap elementor-element-populated\">\n\t\t\t\t\t\t<div class=\"elementor-element elementor-element-4b6308f animated-slow elementor-invisible elementor-widget elementor-widget-image\" data-id=\"4b6308f\" data-element_type=\"widget\" data-settings=\"{&quot;_animation&quot;:&quot;slideInUp&quot;,&quot;_animation_delay&quot;:500}\" data-widget_type=\"image.default\">\n\t\t\t\t<div class=\"elementor-widget-container\">\n\t\t\t\t\t\t\t\t\t\t\t\t\t<img decoding=\"async\" width=\"800\" height=\"505\" src=\"https:\/\/ocuri-investment.com\/wp-content\/uploads\/2022\/09\/Ingeniero-1024x647.jpg\" class=\"attachment-large size-large wp-image-1595\" alt=\"\" srcset=\"https:\/\/ocuri-investment.com\/wp-content\/uploads\/2022\/09\/Ingeniero-1024x647.jpg 1024w, https:\/\/ocuri-investment.com\/wp-content\/uploads\/2022\/09\/Ingeniero-300x189.jpg 300w, https:\/\/ocuri-investment.com\/wp-content\/uploads\/2022\/09\/Ingeniero-768x485.jpg 768w, https:\/\/ocuri-investment.com\/wp-content\/uploads\/2022\/09\/Ingeniero.jpg 1080w\" sizes=\"(max-width: 800px) 100vw, 800px\" \/>\t\t\t\t\t\t\t\t\t\t\t\t\t<\/div>\n\t\t\t\t<\/div>\n\t\t\t\t\t<\/div>\n\t\t<\/div>\n\t\t\t\t\t<\/div>\n\t\t<\/section>\n\t\t\t\t<section class=\"elementor-section elementor-top-section elementor-element elementor-element-01ac46e elementor-section-height-min-height elementor-section-boxed elementor-section-height-default elementor-section-items-middle elementor-invisible\" data-id=\"01ac46e\" data-element_type=\"section\" data-settings=\"{&quot;jet_parallax_layout_list&quot;:[],&quot;background_background&quot;:&quot;classic&quot;,&quot;animation&quot;:&quot;slideInUp&quot;,&quot;animation_delay&quot;:500}\">\n\t\t\t\t\t\t\t<div class=\"elementor-background-overlay\"><\/div>\n\t\t\t\t\t\t\t<div class=\"elementor-container elementor-column-gap-default\">\n\t\t\t\t\t<div class=\"elementor-column elementor-col-100 elementor-top-column elementor-element elementor-element-c3a6dcd\" data-id=\"c3a6dcd\" data-element_type=\"column\">\n\t\t\t<div class=\"elementor-widget-wrap elementor-element-populated\">\n\t\t\t\t\t\t<section class=\"elementor-section elementor-inner-section elementor-element elementor-element-312f35b elementor-section-content-bottom elementor-section-boxed elementor-section-height-default elementor-section-height-default\" data-id=\"312f35b\" data-element_type=\"section\" data-settings=\"{&quot;jet_parallax_layout_list&quot;:[]}\">\n\t\t\t\t\t\t<div class=\"elementor-container elementor-column-gap-default\">\n\t\t\t\t\t<div class=\"elementor-column elementor-col-50 elementor-inner-column elementor-element elementor-element-d097dee\" data-id=\"d097dee\" data-element_type=\"column\">\n\t\t\t<div class=\"elementor-widget-wrap elementor-element-populated\">\n\t\t\t\t\t\t<div class=\"elementor-element elementor-element-6091027 elementor-invisible elementor-widget elementor-widget-image\" data-id=\"6091027\" data-element_type=\"widget\" data-settings=\"{&quot;_animation&quot;:&quot;slideInUp&quot;,&quot;_animation_delay&quot;:700}\" data-widget_type=\"image.default\">\n\t\t\t\t<div class=\"elementor-widget-container\">\n\t\t\t\t\t\t\t\t\t\t\t\t\t<img decoding=\"async\" width=\"800\" height=\"505\" src=\"https:\/\/ocuri-investment.com\/wp-content\/uploads\/2022\/09\/ingeniero2-1024x647.jpg\" class=\"attachment-large size-large wp-image-1596\" alt=\"\" srcset=\"https:\/\/ocuri-investment.com\/wp-content\/uploads\/2022\/09\/ingeniero2-1024x647.jpg 1024w, https:\/\/ocuri-investment.com\/wp-content\/uploads\/2022\/09\/ingeniero2-300x189.jpg 300w, https:\/\/ocuri-investment.com\/wp-content\/uploads\/2022\/09\/ingeniero2-768x485.jpg 768w, https:\/\/ocuri-investment.com\/wp-content\/uploads\/2022\/09\/ingeniero2.jpg 1080w\" sizes=\"(max-width: 800px) 100vw, 800px\" \/>\t\t\t\t\t\t\t\t\t\t\t\t\t<\/div>\n\t\t\t\t<\/div>\n\t\t\t\t\t<\/div>\n\t\t<\/div>\n\t\t\t\t<div class=\"elementor-column elementor-col-50 elementor-inner-column elementor-element elementor-element-4662a9f animated-slow elementor-invisible\" data-id=\"4662a9f\" data-element_type=\"column\" data-settings=\"{&quot;animation&quot;:&quot;slideInUp&quot;,&quot;animation_delay&quot;:1000}\">\n\t\t\t<div class=\"elementor-widget-wrap elementor-element-populated\">\n\t\t\t\t\t\t<div class=\"elementor-element elementor-element-e9ab083 elementor-widget elementor-widget-heading\" data-id=\"e9ab083\" data-element_type=\"widget\" data-widget_type=\"heading.default\">\n\t\t\t\t<div class=\"elementor-widget-container\">\n\t\t\t<h2 class=\"elementor-heading-title elementor-size-default\">Qu\u00e9 hacemos?<\/h2>\t\t<\/div>\n\t\t\t\t<\/div>\n\t\t\t\t<div class=\"elementor-element elementor-element-681ba73 elementor-widget elementor-widget-text-editor\" data-id=\"681ba73\" data-element_type=\"widget\" data-widget_type=\"text-editor.default\">\n\t\t\t\t<div class=\"elementor-widget-container\">\n\t\t\t\t\t\t\t<p>Construimos productos de lujo altamente integrados, con un enfoque espec\u00edfico en la ingenier\u00eda electr\u00f3nica como base de nuestros proyectos, aunque siempre trabajamos otras disciplinas como la mec\u00e1nica, la ciencia de los materiales, el control y la inform\u00e1tica. Actualmente se dedica al sector de la marroquiner\u00eda.<\/p>\n\t\t\t\t\t\t<\/div>\n\t\t\t\t<\/div>\n\t\t\t\t\t<\/div>\n\t\t<\/div>\n\t\t\t\t\t<\/div>\n\t\t<\/section>\n\t\t\t\t\t<\/div>\n\t\t<\/div>\n\t\t\t\t\t<\/div>\n\t\t<\/section>\n\t\t\t\t<\/div>\n\t\t","protected":false},"excerpt":{"rendered":"<p>DESARROLLO TECNOL\u00d3GICO Somos una empresa emergente de ingenier\u00eda, dominada por una filosof\u00eda empresarial centrada en la innovaci\u00f3n y el dinamismo. Estamos formados por un equipo inicial de socios fundadores, as\u00ed como por varias empresas colaboradoras que nos ayudan en la investigaci\u00f3n y el desarrollo. VER SOPHISTICATUS Nuestro prop\u00f3sito Sophisticatus se cre\u00f3 con el prop\u00f3sito de [&hellip;]<\/p>\n","protected":false},"author":1,"featured_media":0,"parent":0,"menu_order":0,"comment_status":"closed","ping_status":"closed","template":"","meta":{"footnotes":""},"class_list":["post-2789","page","type-page","status-publish","hentry"],"_links":{"self":[{"href":"https:\/\/ocuri-investment.com\/es\/wp-json\/wp\/v2\/pages\/2789","targetHints":{"allow":["GET"]}}],"collection":[{"href":"https:\/\/ocuri-investment.com\/es\/wp-json\/wp\/v2\/pages"}],"about":[{"href":"https:\/\/ocuri-investment.com\/es\/wp-json\/wp\/v2\/types\/page"}],"author":[{"embeddable":true,"href":"https:\/\/ocuri-investment.com\/es\/wp-json\/wp\/v2\/users\/1"}],"replies":[{"embeddable":true,"href":"https:\/\/ocuri-investment.com\/es\/wp-json\/wp\/v2\/comments?post=2789"}],"version-history":[{"count":5,"href":"https:\/\/ocuri-investment.com\/es\/wp-json\/wp\/v2\/pages\/2789\/revisions"}],"predecessor-version":[{"id":2795,"href":"https:\/\/ocuri-investment.com\/es\/wp-json\/wp\/v2\/pages\/2789\/revisions\/2795"}],"wp:attachment":[{"href":"https:\/\/ocuri-investment.com\/es\/wp-json\/wp\/v2\/media?parent=2789"}],"curies":[{"name":"wp","href":"https:\/\/api.w.org\/{rel}","templated":true}]}}